{"id":5,"date":"2025-06-19T14:50:21","date_gmt":"2025-06-19T14:50:21","guid":{"rendered":"https:\/\/whitediamondloungebar.rkinformatika.online\/?page_id=5"},"modified":"2025-06-30T11:30:17","modified_gmt":"2025-06-30T11:30:17","slug":"inicio","status":"publish","type":"page","link":"https:\/\/whitediamondloungebar.com\/en\/","title":{"rendered":"Home"},"content":{"rendered":"<div data-elementor-type=\"wp-page\" data-elementor-id=\"5\" class=\"elementor elementor-5\" data-elementor-post-type=\"page\">\n\t\t\t\t\t\t<section class=\"elementor-section elementor-top-section elementor-element elementor-element-84954d1 elementor-section-boxed elementor-section-height-default elementor-section-height-default\" data-id=\"84954d1\" data-element_type=\"section\" data-e-type=\"section\" data-settings=\"{&quot;background_background&quot;:&quot;classic&quot;}\">\n\t\t\t\t\t\t\t<div class=\"elementor-background-overlay\"><\/div>\n\t\t\t\t\t\t\t<div class=\"elementor-container elementor-column-gap-default\">\n\t\t\t\t\t<div class=\"elementor-column elementor-col-100 elementor-top-column elementor-element elementor-element-49bbe92\" data-id=\"49bbe92\" data-element_type=\"column\" data-e-type=\"column\">\n\t\t\t<div class=\"elementor-widget-wrap elementor-element-populated\">\n\t\t\t\t\t\t<div class=\"elementor-element elementor-element-d2b4000 elementor-invisible elementor-widget elementor-widget-heading\" data-id=\"d2b4000\" data-element_type=\"widget\" data-e-type=\"widget\" data-settings=\"{&quot;_animation&quot;:&quot;bounceInRight&quot;}\" data-widget_type=\"heading.default\">\n\t\t\t\t<div class=\"elementor-widget-container\">\n\t\t\t\t\t<h2 class=\"elementor-heading-title elementor-size-default\"> BAR - RESTAURANT<\/h2>\t\t\t\t<\/div>\n\t\t\t\t<\/div>\n\t\t\t\t\t<\/div>\n\t\t<\/div>\n\t\t\t\t\t<\/div>\n\t\t<\/section>\n\t\t<div class=\"elementor-element elementor-element-488e89c e-flex e-con-boxed e-con e-parent\" data-id=\"488e89c\" data-element_type=\"container\" data-e-type=\"container\" data-settings=\"{&quot;background_background&quot;:&quot;classic&quot;}\">\n\t\t\t\t\t<div class=\"e-con-inner\">\n\t\t\t\t<div class=\"elementor-element elementor-element-bcbca5b elementor-invisible elementor-widget elementor-widget-heading\" data-id=\"bcbca5b\" data-element_type=\"widget\" data-e-type=\"widget\" data-settings=\"{&quot;_animation&quot;:&quot;fadeInRight&quot;}\" data-widget_type=\"heading.default\">\n\t\t\t\t<div class=\"elementor-widget-container\">\n\t\t\t\t\t<h2 class=\"elementor-heading-title elementor-size-default\">Come visit us and discover why we\u2019re one of the most recommended spots in La Manga del Mar Menor.<\/h2>\t\t\t\t<\/div>\n\t\t\t\t<\/div>\n\t\t\t\t<div class=\"elementor-element elementor-element-fafdf58 elementor-invisible elementor-widget elementor-widget-button\" data-id=\"fafdf58\" data-element_type=\"widget\" data-e-type=\"widget\" data-settings=\"{&quot;_animation&quot;:&quot;fadeInLeft&quot;}\" data-widget_type=\"button.default\">\n\t\t\t\t<div class=\"elementor-widget-container\">\n\t\t\t\t\t\t\t\t\t<div class=\"elementor-button-wrapper\">\n\t\t\t\t\t<a class=\"elementor-button elementor-button-link elementor-size-sm\" href=\"\/en\/contacto\/\">\n\t\t\t\t\t\t<span class=\"elementor-button-content-wrapper\">\n\t\t\t\t\t\t\t\t\t<span class=\"elementor-button-text\">Contact us<\/span>\n\t\t\t\t\t<\/span>\n\t\t\t\t\t<\/a>\n\t\t\t\t<\/div>\n\t\t\t\t\t\t\t\t<\/div>\n\t\t\t\t<\/div>\n\t\t\t\t\t<\/div>\n\t\t\t\t<\/div>\n\t\t\t\t<section class=\"elementor-section elementor-top-section elementor-element elementor-element-57dfb79 elementor-section-boxed elementor-section-height-default elementor-section-height-default elementor-invisible\" data-id=\"57dfb79\" data-element_type=\"section\" data-e-type=\"section\" data-settings=\"{&quot;animation&quot;:&quot;slideInDown&quot;}\">\n\t\t\t\t\t\t<div class=\"elementor-container elementor-column-gap-default\">\n\t\t\t\t\t<div class=\"elementor-column elementor-col-50 elementor-top-column elementor-element elementor-element-8059c87\" data-id=\"8059c87\" data-element_type=\"column\" data-e-type=\"column\">\n\t\t\t<div class=\"elementor-widget-wrap elementor-element-populated\">\n\t\t\t\t\t\t<div class=\"elementor-element elementor-element-edd128a elementor-widget elementor-widget-spacer\" data-id=\"edd128a\" data-element_type=\"widget\" data-e-type=\"widget\" data-widget_type=\"spacer.default\">\n\t\t\t\t<div class=\"elementor-widget-container\">\n\t\t\t\t\t\t\t<div class=\"elementor-spacer\">\n\t\t\t<div class=\"elementor-spacer-inner\"><\/div>\n\t\t<\/div>\n\t\t\t\t\t\t<\/div>\n\t\t\t\t<\/div>\n\t\t\t\t<div class=\"elementor-element elementor-element-4f91bc4 elementor-invisible elementor-widget elementor-widget-heading\" data-id=\"4f91bc4\" data-element_type=\"widget\" data-e-type=\"widget\" data-settings=\"{&quot;_animation&quot;:&quot;fadeIn&quot;,&quot;_animation_delay&quot;:50}\" data-widget_type=\"heading.default\">\n\t\t\t\t<div class=\"elementor-widget-container\">\n\t\t\t\t\t<h2 class=\"elementor-heading-title elementor-size-default\">Place<\/h2>\t\t\t\t<\/div>\n\t\t\t\t<\/div>\n\t\t\t\t<div class=\"elementor-element elementor-element-97da3a6 elementor-invisible elementor-widget elementor-widget-heading\" data-id=\"97da3a6\" data-element_type=\"widget\" data-e-type=\"widget\" data-settings=\"{&quot;_animation&quot;:&quot;fadeIn&quot;,&quot;_animation_delay&quot;:100}\" data-widget_type=\"heading.default\">\n\t\t\t\t<div class=\"elementor-widget-container\">\n\t\t\t\t\t<h2 class=\"elementor-heading-title elementor-size-default\">About us <\/h2>\t\t\t\t<\/div>\n\t\t\t\t<\/div>\n\t\t\t\t<div class=\"elementor-element elementor-element-63eff37 elementor-widget elementor-widget-text-editor\" data-id=\"63eff37\" data-element_type=\"widget\" data-e-type=\"widget\" data-widget_type=\"text-editor.default\">\n\t\t\t\t<div class=\"elementor-widget-container\">\n\t\t\t\t\t\t\t\t\t<p>Our venue has become an essential meeting point over the past few years for both residents and visitors to the area, thanks to its warm and friendly atmosphere, its privileged views that allow you to enjoy the beauty of the natural and urban surroundings, and an extensive menu at your service featuring a variety of delicious dishes and drinks, carefully selected and designed to satisfy the tastes of each of our customers, whether locals or tourists. Here, every visit becomes a unique and memorable experience, where the quality of service and the warmth of the environment come together to create the perfect space for sharing special moments with friends.<\/p>\t\t\t\t\t\t\t\t<\/div>\n\t\t\t\t<\/div>\n\t\t\t\t\t<\/div>\n\t\t<\/div>\n\t\t\t\t<div class=\"elementor-column elementor-col-50 elementor-top-column elementor-element elementor-element-90fcb9f\" data-id=\"90fcb9f\" data-element_type=\"column\" data-e-type=\"column\">\n\t\t\t<div class=\"elementor-widget-wrap elementor-element-populated\">\n\t\t\t\t\t\t<div class=\"elementor-element elementor-element-6f49395 elementor-absolute elementor-widget elementor-widget-image\" data-id=\"6f49395\" data-element_type=\"widget\" data-e-type=\"widget\" data-settings=\"{&quot;_position&quot;:&quot;absolute&quot;}\" data-widget_type=\"image.default\">\n\t\t\t\t<div class=\"elementor-widget-container\">\n\t\t\t\t\t\t\t\t\t\t\t\t\t\t\t<img fetchpriority=\"high\" decoding=\"async\" width=\"300\" height=\"267\" src=\"https:\/\/whitediamondloungebar.com\/wp-content\/uploads\/2025\/06\/Imagen-de-WhatsApp-2025-05-23-a-las-13.58.45_7b0f73cf-Pedro-Hernandez-300x267.jpg\" class=\"attachment-medium size-medium wp-image-88\" alt=\"\" srcset=\"https:\/\/whitediamondloungebar.com\/wp-content\/uploads\/2025\/06\/Imagen-de-WhatsApp-2025-05-23-a-las-13.58.45_7b0f73cf-Pedro-Hernandez-300x267.jpg 300w, https:\/\/whitediamondloungebar.com\/wp-content\/uploads\/2025\/06\/Imagen-de-WhatsApp-2025-05-23-a-las-13.58.45_7b0f73cf-Pedro-Hernandez-1024x912.jpg 1024w, https:\/\/whitediamondloungebar.com\/wp-content\/uploads\/2025\/06\/Imagen-de-WhatsApp-2025-05-23-a-las-13.58.45_7b0f73cf-Pedro-Hernandez-768x684.jpg 768w, https:\/\/whitediamondloungebar.com\/wp-content\/uploads\/2025\/06\/Imagen-de-WhatsApp-2025-05-23-a-las-13.58.45_7b0f73cf-Pedro-Hernandez-13x12.jpg 13w, https:\/\/whitediamondloungebar.com\/wp-content\/uploads\/2025\/06\/Imagen-de-WhatsApp-2025-05-23-a-las-13.58.45_7b0f73cf-Pedro-Hernandez.jpg 1320w\" sizes=\"(max-width: 300px) 100vw, 300px\" \/>\t\t\t\t\t\t\t\t\t\t\t\t\t\t\t<\/div>\n\t\t\t\t<\/div>\n\t\t\t\t<div class=\"elementor-element elementor-element-879faef elementor-widget elementor-widget-spacer\" data-id=\"879faef\" data-element_type=\"widget\" data-e-type=\"widget\" data-widget_type=\"spacer.default\">\n\t\t\t\t<div class=\"elementor-widget-container\">\n\t\t\t\t\t\t\t<div class=\"elementor-spacer\">\n\t\t\t<div class=\"elementor-spacer-inner\"><\/div>\n\t\t<\/div>\n\t\t\t\t\t\t<\/div>\n\t\t\t\t<\/div>\n\t\t\t\t<div class=\"elementor-element elementor-element-3e1369a elementor-absolute elementor-widget elementor-widget-image\" data-id=\"3e1369a\" data-element_type=\"widget\" data-e-type=\"widget\" data-settings=\"{&quot;_position&quot;:&quot;absolute&quot;}\" data-widget_type=\"image.default\">\n\t\t\t\t<div class=\"elementor-widget-container\">\n\t\t\t\t\t\t\t\t\t\t\t\t\t\t\t<img decoding=\"async\" width=\"216\" height=\"300\" src=\"https:\/\/whitediamondloungebar.com\/wp-content\/uploads\/2025\/06\/Imagen-de-WhatsApp-2025-05-23-a-las-13.58.44_6d7ede09-Pedro-Hernandez-216x300.jpg\" class=\"attachment-medium size-medium wp-image-87\" alt=\"\" srcset=\"https:\/\/whitediamondloungebar.com\/wp-content\/uploads\/2025\/06\/Imagen-de-WhatsApp-2025-05-23-a-las-13.58.44_6d7ede09-Pedro-Hernandez-216x300.jpg 216w, https:\/\/whitediamondloungebar.com\/wp-content\/uploads\/2025\/06\/Imagen-de-WhatsApp-2025-05-23-a-las-13.58.44_6d7ede09-Pedro-Hernandez-737x1024.jpg 737w, https:\/\/whitediamondloungebar.com\/wp-content\/uploads\/2025\/06\/Imagen-de-WhatsApp-2025-05-23-a-las-13.58.44_6d7ede09-Pedro-Hernandez-768x1066.jpg 768w, https:\/\/whitediamondloungebar.com\/wp-content\/uploads\/2025\/06\/Imagen-de-WhatsApp-2025-05-23-a-las-13.58.44_6d7ede09-Pedro-Hernandez-1106x1536.jpg 1106w, https:\/\/whitediamondloungebar.com\/wp-content\/uploads\/2025\/06\/Imagen-de-WhatsApp-2025-05-23-a-las-13.58.44_6d7ede09-Pedro-Hernandez-9x12.jpg 9w, https:\/\/whitediamondloungebar.com\/wp-content\/uploads\/2025\/06\/Imagen-de-WhatsApp-2025-05-23-a-las-13.58.44_6d7ede09-Pedro-Hernandez.jpg 1320w\" sizes=\"(max-width: 216px) 100vw, 216px\" \/>\t\t\t\t\t\t\t\t\t\t\t\t\t\t\t<\/div>\n\t\t\t\t<\/div>\n\t\t\t\t\t<\/div>\n\t\t<\/div>\n\t\t\t\t\t<\/div>\n\t\t<\/section>\n\t\t\t\t<\/div>","protected":false},"excerpt":{"rendered":"<p>BAR &#8211; RESTAURANTE Ven a conocernos y descubre por qu\u00e9 somos uno de los lugares m\u00e1s recomendados en La Manga del Mar Menor Con\u00e1ctanos lugar Sobre nosotros Nuestro local ha sido durante los \u00faltimos a\u00f1os un punto de encuentro imprescindible tanto para residentes como para visitantes de la zona, gracias a su atm\u00f3sfera acogedora y [&hellip;]<\/p>\n","protected":false},"author":1,"featured_media":0,"parent":0,"menu_order":0,"comment_status":"closed","ping_status":"closed","template":"elementor_canvas","meta":{"footnotes":""},"class_list":["post-5","page","type-page","status-publish","hentry"],"yoast_head":"<!-- This site is optimized with the Yoast SEO plugin v27.3 - https:\/\/yoast.com\/product\/yoast-seo-wordpress\/ -->\n<title>Inicio - WHITE DIAMOND<\/title>\n<meta name=\"robots\" content=\"index, follow, max-snippet:-1, max-image-preview:large, max-video-preview:-1\" \/>\n<link rel=\"canonical\" href=\"https:\/\/whitediamondloungebar.com\/en\/\" \/>\n<meta property=\"og:locale\" content=\"en_US\" \/>\n<meta property=\"og:type\" content=\"article\" \/>\n<meta property=\"og:title\" content=\"Inicio - WHITE DIAMOND\" \/>\n<meta property=\"og:description\" content=\"BAR &#8211; RESTAURANTE Ven a conocernos y descubre por qu\u00e9 somos uno de los lugares m\u00e1s recomendados en La Manga del Mar Menor Con\u00e1ctanos lugar Sobre nosotros Nuestro local ha sido durante los \u00faltimos a\u00f1os un punto de encuentro imprescindible tanto para residentes como para visitantes de la zona, gracias a su atm\u00f3sfera acogedora y [&hellip;]\" \/>\n<meta property=\"og:url\" content=\"https:\/\/whitediamondloungebar.com\/en\/\" \/>\n<meta property=\"og:site_name\" content=\"WHITE DIAMOND\" \/>\n<meta property=\"article:modified_time\" content=\"2025-06-30T11:30:17+00:00\" \/>\n<meta property=\"og:image\" content=\"https:\/\/whitediamondloungebar.com\/wp-content\/uploads\/2025\/06\/Imagen-de-WhatsApp-2025-05-23-a-las-13.58.45_7b0f73cf-Pedro-Hernandez.jpg\" \/>\n\t<meta property=\"og:image:width\" content=\"1320\" \/>\n\t<meta property=\"og:image:height\" content=\"1175\" \/>\n\t<meta property=\"og:image:type\" content=\"image\/jpeg\" \/>\n<meta name=\"twitter:card\" content=\"summary_large_image\" \/>\n<meta name=\"twitter:label1\" content=\"Est. reading time\" \/>\n\t<meta name=\"twitter:data1\" content=\"2 minutes\" \/>\n<script type=\"application\/ld+json\" class=\"yoast-schema-graph\">{\"@context\":\"https:\\\/\\\/schema.org\",\"@graph\":[{\"@type\":\"WebPage\",\"@id\":\"https:\\\/\\\/whitediamondloungebar.com\\\/\",\"url\":\"https:\\\/\\\/whitediamondloungebar.com\\\/\",\"name\":\"Inicio - WHITE DIAMOND\",\"isPartOf\":{\"@id\":\"https:\\\/\\\/whitediamondloungebar.com\\\/#website\"},\"primaryImageOfPage\":{\"@id\":\"https:\\\/\\\/whitediamondloungebar.com\\\/#primaryimage\"},\"image\":{\"@id\":\"https:\\\/\\\/whitediamondloungebar.com\\\/#primaryimage\"},\"thumbnailUrl\":\"https:\\\/\\\/whitediamondloungebar.com\\\/wp-content\\\/uploads\\\/2025\\\/06\\\/Imagen-de-WhatsApp-2025-05-23-a-las-13.58.45_7b0f73cf-Pedro-Hernandez-300x267.jpg\",\"datePublished\":\"2025-06-19T14:50:21+00:00\",\"dateModified\":\"2025-06-30T11:30:17+00:00\",\"breadcrumb\":{\"@id\":\"https:\\\/\\\/whitediamondloungebar.com\\\/#breadcrumb\"},\"inLanguage\":\"en-US\",\"potentialAction\":[{\"@type\":\"ReadAction\",\"target\":[\"https:\\\/\\\/whitediamondloungebar.com\\\/\"]}]},{\"@type\":\"ImageObject\",\"inLanguage\":\"en-US\",\"@id\":\"https:\\\/\\\/whitediamondloungebar.com\\\/#primaryimage\",\"url\":\"https:\\\/\\\/whitediamondloungebar.com\\\/wp-content\\\/uploads\\\/2025\\\/06\\\/Imagen-de-WhatsApp-2025-05-23-a-las-13.58.45_7b0f73cf-Pedro-Hernandez-300x267.jpg\",\"contentUrl\":\"https:\\\/\\\/whitediamondloungebar.com\\\/wp-content\\\/uploads\\\/2025\\\/06\\\/Imagen-de-WhatsApp-2025-05-23-a-las-13.58.45_7b0f73cf-Pedro-Hernandez-300x267.jpg\"},{\"@type\":\"BreadcrumbList\",\"@id\":\"https:\\\/\\\/whitediamondloungebar.com\\\/#breadcrumb\",\"itemListElement\":[{\"@type\":\"ListItem\",\"position\":1,\"name\":\"Portada\",\"item\":\"https:\\\/\\\/whitediamondloungebar.com\\\/\"},{\"@type\":\"ListItem\",\"position\":2,\"name\":\"Inicio\"}]},{\"@type\":\"WebSite\",\"@id\":\"https:\\\/\\\/whitediamondloungebar.com\\\/#website\",\"url\":\"https:\\\/\\\/whitediamondloungebar.com\\\/\",\"name\":\"WHITE DIAMOND\",\"description\":\"WHITE DIAMOND\",\"publisher\":{\"@id\":\"https:\\\/\\\/whitediamondloungebar.com\\\/#organization\"},\"potentialAction\":[{\"@type\":\"SearchAction\",\"target\":{\"@type\":\"EntryPoint\",\"urlTemplate\":\"https:\\\/\\\/whitediamondloungebar.com\\\/?s={search_term_string}\"},\"query-input\":{\"@type\":\"PropertyValueSpecification\",\"valueRequired\":true,\"valueName\":\"search_term_string\"}}],\"inLanguage\":\"en-US\"},{\"@type\":\"Organization\",\"@id\":\"https:\\\/\\\/whitediamondloungebar.com\\\/#organization\",\"name\":\"WHITE DIAMOND\",\"url\":\"https:\\\/\\\/whitediamondloungebar.com\\\/\",\"logo\":{\"@type\":\"ImageObject\",\"inLanguage\":\"en-US\",\"@id\":\"https:\\\/\\\/whitediamondloungebar.com\\\/#\\\/schema\\\/logo\\\/image\\\/\",\"url\":\"https:\\\/\\\/whitediamondloungebar.com\\\/wp-content\\\/uploads\\\/2025\\\/06\\\/cropped-1-trans.png\",\"contentUrl\":\"https:\\\/\\\/whitediamondloungebar.com\\\/wp-content\\\/uploads\\\/2025\\\/06\\\/cropped-1-trans.png\",\"width\":500,\"height\":376,\"caption\":\"WHITE DIAMOND\"},\"image\":{\"@id\":\"https:\\\/\\\/whitediamondloungebar.com\\\/#\\\/schema\\\/logo\\\/image\\\/\"}}]}<\/script>\n<!-- \/ Yoast SEO plugin. -->","yoast_head_json":{"title":"Inicio - WHITE DIAMOND","robots":{"index":"index","follow":"follow","max-snippet":"max-snippet:-1","max-image-preview":"max-image-preview:large","max-video-preview":"max-video-preview:-1"},"canonical":"https:\/\/whitediamondloungebar.com\/en\/","og_locale":"en_US","og_type":"article","og_title":"Inicio - WHITE DIAMOND","og_description":"BAR &#8211; RESTAURANTE Ven a conocernos y descubre por qu\u00e9 somos uno de los lugares m\u00e1s recomendados en La Manga del Mar Menor Con\u00e1ctanos lugar Sobre nosotros Nuestro local ha sido durante los \u00faltimos a\u00f1os un punto de encuentro imprescindible tanto para residentes como para visitantes de la zona, gracias a su atm\u00f3sfera acogedora y [&hellip;]","og_url":"https:\/\/whitediamondloungebar.com\/en\/","og_site_name":"WHITE DIAMOND","article_modified_time":"2025-06-30T11:30:17+00:00","og_image":[{"width":1320,"height":1175,"url":"https:\/\/whitediamondloungebar.com\/wp-content\/uploads\/2025\/06\/Imagen-de-WhatsApp-2025-05-23-a-las-13.58.45_7b0f73cf-Pedro-Hernandez.jpg","type":"image\/jpeg"}],"twitter_card":"summary_large_image","twitter_misc":{"Est. reading time":"2 minutes"},"schema":{"@context":"https:\/\/schema.org","@graph":[{"@type":"WebPage","@id":"https:\/\/whitediamondloungebar.com\/","url":"https:\/\/whitediamondloungebar.com\/","name":"Inicio - WHITE DIAMOND","isPartOf":{"@id":"https:\/\/whitediamondloungebar.com\/#website"},"primaryImageOfPage":{"@id":"https:\/\/whitediamondloungebar.com\/#primaryimage"},"image":{"@id":"https:\/\/whitediamondloungebar.com\/#primaryimage"},"thumbnailUrl":"https:\/\/whitediamondloungebar.com\/wp-content\/uploads\/2025\/06\/Imagen-de-WhatsApp-2025-05-23-a-las-13.58.45_7b0f73cf-Pedro-Hernandez-300x267.jpg","datePublished":"2025-06-19T14:50:21+00:00","dateModified":"2025-06-30T11:30:17+00:00","breadcrumb":{"@id":"https:\/\/whitediamondloungebar.com\/#breadcrumb"},"inLanguage":"en-US","potentialAction":[{"@type":"ReadAction","target":["https:\/\/whitediamondloungebar.com\/"]}]},{"@type":"ImageObject","inLanguage":"en-US","@id":"https:\/\/whitediamondloungebar.com\/#primaryimage","url":"https:\/\/whitediamondloungebar.com\/wp-content\/uploads\/2025\/06\/Imagen-de-WhatsApp-2025-05-23-a-las-13.58.45_7b0f73cf-Pedro-Hernandez-300x267.jpg","contentUrl":"https:\/\/whitediamondloungebar.com\/wp-content\/uploads\/2025\/06\/Imagen-de-WhatsApp-2025-05-23-a-las-13.58.45_7b0f73cf-Pedro-Hernandez-300x267.jpg"},{"@type":"BreadcrumbList","@id":"https:\/\/whitediamondloungebar.com\/#breadcrumb","itemListElement":[{"@type":"ListItem","position":1,"name":"Portada","item":"https:\/\/whitediamondloungebar.com\/"},{"@type":"ListItem","position":2,"name":"Inicio"}]},{"@type":"WebSite","@id":"https:\/\/whitediamondloungebar.com\/#website","url":"https:\/\/whitediamondloungebar.com\/","name":"WHITE DIAMOND","description":"WHITE DIAMOND","publisher":{"@id":"https:\/\/whitediamondloungebar.com\/#organization"},"potentialAction":[{"@type":"SearchAction","target":{"@type":"EntryPoint","urlTemplate":"https:\/\/whitediamondloungebar.com\/?s={search_term_string}"},"query-input":{"@type":"PropertyValueSpecification","valueRequired":true,"valueName":"search_term_string"}}],"inLanguage":"en-US"},{"@type":"Organization","@id":"https:\/\/whitediamondloungebar.com\/#organization","name":"WHITE DIAMOND","url":"https:\/\/whitediamondloungebar.com\/","logo":{"@type":"ImageObject","inLanguage":"en-US","@id":"https:\/\/whitediamondloungebar.com\/#\/schema\/logo\/image\/","url":"https:\/\/whitediamondloungebar.com\/wp-content\/uploads\/2025\/06\/cropped-1-trans.png","contentUrl":"https:\/\/whitediamondloungebar.com\/wp-content\/uploads\/2025\/06\/cropped-1-trans.png","width":500,"height":376,"caption":"WHITE DIAMOND"},"image":{"@id":"https:\/\/whitediamondloungebar.com\/#\/schema\/logo\/image\/"}}]}},"_links":{"self":[{"href":"https:\/\/whitediamondloungebar.com\/en\/wp-json\/wp\/v2\/pages\/5","targetHints":{"allow":["GET"]}}],"collection":[{"href":"https:\/\/whitediamondloungebar.com\/en\/wp-json\/wp\/v2\/pages"}],"about":[{"href":"https:\/\/whitediamondloungebar.com\/en\/wp-json\/wp\/v2\/types\/page"}],"author":[{"embeddable":true,"href":"https:\/\/whitediamondloungebar.com\/en\/wp-json\/wp\/v2\/users\/1"}],"replies":[{"embeddable":true,"href":"https:\/\/whitediamondloungebar.com\/en\/wp-json\/wp\/v2\/comments?post=5"}],"version-history":[{"count":211,"href":"https:\/\/whitediamondloungebar.com\/en\/wp-json\/wp\/v2\/pages\/5\/revisions"}],"predecessor-version":[{"id":560,"href":"https:\/\/whitediamondloungebar.com\/en\/wp-json\/wp\/v2\/pages\/5\/revisions\/560"}],"wp:attachment":[{"href":"https:\/\/whitediamondloungebar.com\/en\/wp-json\/wp\/v2\/media?parent=5"}],"curies":[{"name":"wp","href":"https:\/\/api.w.org\/{rel}","templated":true}]}}